{"id":115131,"date":"2016-07-24T19:59:52","date_gmt":"2016-07-24T19:59:52","guid":{"rendered":"https:\/\/its.com.uy\/its\/?page_id=115131"},"modified":"2024-10-08T16:18:27","modified_gmt":"2024-10-08T19:18:27","slug":"nosotros","status":"publish","type":"page","link":"https:\/\/www.its.com.uy\/its\/nosotros\/","title":{"rendered":"NOSOTROS"},"content":{"rendered":"<p>[et_pb_section fb_built=\u00bb1&#8243; fullwidth=\u00bbon\u00bb admin_label=\u00bbSecci\u00f3n\u00bb _builder_version=\u00bb4.16&#8243; global_colors_info=\u00bb{}\u00bb][et_pb_fullwidth_image src=\u00bbhttps:\/\/www.its.com.uy\/its\/wp-content\/uploads\/2021\/03\/home-1-01.png\u00bb title_text=\u00bbhome (1)-01&#8243; admin_label=\u00bbImagen de anchura completa\u00bb _builder_version=\u00bb4.16&#8243; animation=\u00bboff\u00bb use_border_color=\u00bboff\u00bb border_color=\u00bb#ffffff\u00bb border_style=\u00bbsolid\u00bb global_colors_info=\u00bb{}\u00bb]&nbsp;<br \/>\n[\/et_pb_fullwidth_image][\/et_pb_section][et_pb_section fb_built=\u00bb1&#8243; _builder_version=\u00bb4.16&#8243; _module_preset=\u00bbdefault\u00bb global_colors_info=\u00bb{}\u00bb][et_pb_row admin_label=\u00bbPresentaci\u00f3n ITS\u00bb _builder_version=\u00bb4.16&#8243; _module_preset=\u00bbdefault\u00bb global_colors_info=\u00bb{}\u00bb][et_pb_column type=\u00bb4_4&#8243; _builder_version=\u00bb4.16&#8243; _module_preset=\u00bbdefault\u00bb global_colors_info=\u00bb{}\u00bb][et_pb_text _builder_version=\u00bb4.27.0&#8243; _module_preset=\u00bbdefault\u00bb text_font_size=\u00bb17px\u00bb text_line_height=\u00bb1.6em\u00bb global_colors_info=\u00bb{}\u00bb]<\/p>\n<p>Somos una empresa que se dedica a la\u00a0<strong>Gesti\u00f3n de Infraestructura<\/strong>\u00a0y al\u00a0<strong>Outsourcing de Personal T\u00e9cnico<\/strong>\u00a0desde el a\u00f1o 2005. Nos caracterizamos por establecer relaciones de largo plazo con nuestros clientes y acompa\u00f1arlos a lo largo de su evoluci\u00f3n.<u><\/u><u><\/u><\/p>\n<p>Contamos con un\u00a0<strong>experimentado equipo de profesionales<\/strong>, nos basamos en una\u00a0metodolog\u00eda\u00a0probada y certificada bajo el est\u00e1ndar\u00a0ISO 20.000\u00a0que garantiza una\u00a0<strong>Gesti\u00f3n de Servicios de IT<\/strong>\u00a0que sigue las mejores pr\u00e1cticas internacionales.<\/p>\n<p style=\"font-weight: 400;\">ITS fue la primera empresa uruguaya en certificarse ISO 20000 en 2009 y actualmente cuenta con certificaci\u00f3n <strong>UNIT-ISO\/IEC 20000-1:2018.<\/strong><\/p>\n<p>&nbsp;<\/p>\n<p>[\/et_pb_text][et_pb_image src=\u00bbhttps:\/\/www.its.com.uy\/its\/wp-content\/uploads\/2024\/09\/SGSTI-001-R4.png\u00bb title_text=\u00bbSGSTI-001-R4&#8243; align=\u00bbcenter\u00bb _builder_version=\u00bb4.27.0&#8243; _module_preset=\u00bbdefault\u00bb height=\u00bb250px\u00bb global_colors_info=\u00bb{}\u00bb][\/et_pb_image][\/et_pb_column][\/et_pb_row][et_pb_row _builder_version=\u00bb4.16&#8243; _module_preset=\u00bbdefault\u00bb global_colors_info=\u00bb{}\u00bb][et_pb_column type=\u00bb4_4&#8243; _builder_version=\u00bb4.16&#8243; _module_preset=\u00bbdefault\u00bb global_colors_info=\u00bb{}\u00bb][\/et_pb_column][\/et_pb_row][et_pb_row _builder_version=\u00bb4.16&#8243; _module_preset=\u00bbdefault\u00bb global_colors_info=\u00bb{}\u00bb][et_pb_column type=\u00bb4_4&#8243; _builder_version=\u00bb4.16&#8243; _module_preset=\u00bbdefault\u00bb global_colors_info=\u00bb{}\u00bb][et_pb_divider show_divider=\u00bboff\u00bb _builder_version=\u00bb4.16&#8243; _module_preset=\u00bbdefault\u00bb global_colors_info=\u00bb{}\u00bb][\/et_pb_divider][et_pb_text _builder_version=\u00bb4.16&#8243; _module_preset=\u00bbdefault\u00bb text_font_size=\u00bb18px\u00bb text_line_height=\u00bb1.6em\u00bb global_colors_info=\u00bb{}\u00bb]<\/p>\n<p><span style=\"color: #333333;\">Nuestra empresa est\u00e1 consolidada sobre cuatro pilares fundamentales unidos por una verdadera <strong>vocaci\u00f3n de Servicio.<\/strong><\/span><span style=\"color: #333333;\"><br \/><\/span><span style=\"color: #333333;\">Entendemos que cualquier servicio que brindemos debe estar basado en:<\/span><strong><br \/><\/strong><\/p>\n<p>[\/et_pb_text][\/et_pb_column][\/et_pb_row][et_pb_row column_structure=\u00bb1_4,1_4,1_4,1_4&#8243; _builder_version=\u00bb4.16&#8243; _module_preset=\u00bbdefault\u00bb global_colors_info=\u00bb{}\u00bb][et_pb_column type=\u00bb1_4&#8243; _builder_version=\u00bb4.16&#8243; _module_preset=\u00bbdefault\u00bb global_colors_info=\u00bb{}\u00bb][et_pb_blurb title=\u00bbConfianza\u00bb image=\u00bbhttps:\/\/www.its.com.uy\/its\/wp-content\/uploads\/2021\/03\/confianza.png\u00bb admin_label=\u00bbConfianza\u00bb _builder_version=\u00bb4.16&#8243; _module_preset=\u00bbdefault\u00bb header_font=\u00bb|700|||||||\u00bb header_text_color=\u00bbrgba(15,0,0,0.69)\u00bb header_font_size=\u00bb18px\u00bb text_orientation=\u00bbcenter\u00bb animation_style=\u00bbfade\u00bb animation_speed_curve=\u00bbease\u00bb global_colors_info=\u00bb{}\u00bb]<\/p>\n<p>La <strong>Confianza<\/strong> de nuestros clientes<\/p>\n<p>[\/et_pb_blurb][\/et_pb_column][et_pb_column type=\u00bb1_4&#8243; _builder_version=\u00bb4.16&#8243; _module_preset=\u00bbdefault\u00bb global_colors_info=\u00bb{}\u00bb][et_pb_blurb title=\u00bbTecnolog\u00eda\u00bb image=\u00bbhttps:\/\/www.its.com.uy\/its\/wp-content\/uploads\/2021\/03\/tecnologia.png\u00bb admin_label=\u00bbTecnolog\u00eda\u00bb _builder_version=\u00bb4.16&#8243; _module_preset=\u00bbdefault\u00bb header_font=\u00bb|700|||||||\u00bb header_text_color=\u00bbrgba(15,0,0,0.69)\u00bb header_font_size=\u00bb18px\u00bb text_orientation=\u00bbcenter\u00bb animation_style=\u00bbfade\u00bb animation_speed_curve=\u00bbease\u00bb global_colors_info=\u00bb{}\u00bb]<\/p>\n<p>Un conocimiento profundo y actualizado de la\u00a0<strong>Tecnolog\u00eda<\/strong><\/p>\n<p>[\/et_pb_blurb][\/et_pb_column][et_pb_column type=\u00bb1_4&#8243; _builder_version=\u00bb4.16&#8243; _module_preset=\u00bbdefault\u00bb global_colors_info=\u00bb{}\u00bb][et_pb_blurb title=\u00bbGesti\u00f3n\u00bb image=\u00bbhttps:\/\/www.its.com.uy\/its\/wp-content\/uploads\/2021\/03\/gestion.png\u00bb admin_label=\u00bbGesti\u00f3n\u00bb _builder_version=\u00bb4.16&#8243; _module_preset=\u00bbdefault\u00bb header_font=\u00bb|700|||||||\u00bb header_text_color=\u00bbrgba(15,0,0,0.69)\u00bb header_font_size=\u00bb18px\u00bb text_orientation=\u00bbcenter\u00bb animation_style=\u00bbfade\u00bb animation_speed_curve=\u00bbease\u00bb global_colors_info=\u00bb{}\u00bb]<\/p>\n<p>Una\u00a0<strong>Gesti\u00f3n<\/strong>\u00a0eficiente y focalizada en agregarle valor al negocio de nuestros clientes<\/p>\n<p>[\/et_pb_blurb][\/et_pb_column][et_pb_column type=\u00bb1_4&#8243; _builder_version=\u00bb4.16&#8243; _module_preset=\u00bbdefault\u00bb global_colors_info=\u00bb{}\u00bb][et_pb_blurb title=\u00bbMetodolog\u00eda\u00bb image=\u00bbhttps:\/\/www.its.com.uy\/its\/wp-content\/uploads\/2021\/03\/metodologia.png\u00bb admin_label=\u00bbMetodolog\u00eda\u00bb _builder_version=\u00bb4.16&#8243; _module_preset=\u00bbdefault\u00bb header_font=\u00bb|700|||||||\u00bb header_text_color=\u00bbrgba(15,0,0,0.69)\u00bb header_font_size=\u00bb18px\u00bb text_orientation=\u00bbcenter\u00bb animation_style=\u00bbfade\u00bb animation_speed_curve=\u00bbease\u00bb global_colors_info=\u00bb{}\u00bb]<\/p>\n<p>Una\u00a0<strong>Metodolog\u00eda<\/strong>\u00a0que garantice la calidad y uniformidad de los servicios<\/p>\n<p>[\/et_pb_blurb][\/et_pb_column][\/et_pb_row][\/et_pb_section][et_pb_section fb_built=\u00bb1&#8243; custom_padding_last_edited=\u00bbon|desktop\u00bb admin_label=\u00bbSecci\u00f3n\u00bb _builder_version=\u00bb4.16&#8243; background_color=\u00bb#ffffff\u00bb custom_padding_tablet=\u00bb50px|0|50px|0&#8243; custom_padding_phone=\u00bb\u00bb transparent_background=\u00bboff\u00bb padding_mobile=\u00bboff\u00bb make_fullwidth=\u00bboff\u00bb use_custom_width=\u00bboff\u00bb width_unit=\u00bbon\u00bb global_colors_info=\u00bb{}\u00bb][et_pb_row padding_mobile=\u00bboff\u00bb column_padding_mobile=\u00bbon\u00bb admin_label=\u00bbFila\u00bb _builder_version=\u00bb4.16&#8243; background_size=\u00bbinitial\u00bb background_position=\u00bbtop_left\u00bb background_repeat=\u00bbrepeat\u00bb custom_padding=\u00bb-50px||-50px|\u00bb make_fullwidth=\u00bboff\u00bb use_custom_width=\u00bboff\u00bb width_unit=\u00bbon\u00bb global_colors_info=\u00bb{}\u00bb][et_pb_column type=\u00bb4_4&#8243; _builder_version=\u00bb4.16&#8243; custom_padding=\u00bb|||\u00bb global_colors_info=\u00bb{}\u00bb custom_padding__hover=\u00bb|||\u00bb][et_pb_text admin_label=\u00bbTexto\u00bb _builder_version=\u00bb4.16&#8243; text_font=\u00bb|on|||\u00bb text_font_size=\u00bb20&#8243; background_size=\u00bbinitial\u00bb background_position=\u00bbtop_left\u00bb background_repeat=\u00bbrepeat\u00bb use_border_color=\u00bboff\u00bb border_color=\u00bb#ffffff\u00bb border_style=\u00bbsolid\u00bb global_colors_info=\u00bb{}\u00bb]<strong>Directores<\/strong><\/p>\n<hr \/>\n<p>[\/et_pb_text][\/et_pb_column][\/et_pb_row][\/et_pb_section][et_pb_section fb_built=\u00bb1&#8243; admin_label=\u00bbSecci\u00f3n\u00bb _builder_version=\u00bb4.16&#8243; global_colors_info=\u00bb{}\u00bb][et_pb_row column_structure=\u00bb1_2,1_2&#8243; admin_label=\u00bbFila\u00bb _builder_version=\u00bb4.16&#8243; background_size=\u00bbinitial\u00bb background_position=\u00bbtop_left\u00bb background_repeat=\u00bbrepeat\u00bb global_colors_info=\u00bb{}\u00bb][et_pb_column type=\u00bb1_2&#8243; _builder_version=\u00bb4.16&#8243; custom_padding=\u00bb|||\u00bb global_colors_info=\u00bb{}\u00bb custom_padding__hover=\u00bb|||\u00bb][et_pb_team_member name=\u00bbIng. Augusto Rywaczuk\u00bb position=\u00bbDirector\u00bb image_url=\u00bbhttps:\/\/its.com.uy\/its\/wp-content\/uploads\/2016\/07\/AR.jpg\u00bb linkedin_url=\u00bbhttps:\/\/uy.linkedin.com\/in\/augusto-rywaczuk-mba-57255a1?trk=prof-samename-name\u00bb admin_label=\u00bbAugusto\u00bb _builder_version=\u00bb4.16&#8243; header_font=\u00bb|on|||\u00bb header_line_height=\u00bb2.4em\u00bb background_size=\u00bbinitial\u00bb background_position=\u00bbtop_left\u00bb background_repeat=\u00bbrepeat\u00bb custom_css_member_social_links=\u00bbmargin-top: 0px;\u00bb use_border_color=\u00bboff\u00bb border_color=\u00bb#919191&#8243; border_style=\u00bbsolid\u00bb global_colors_info=\u00bb{}\u00bb]&nbsp;<br \/>\n[\/et_pb_team_member][\/et_pb_column][et_pb_column type=\u00bb1_2&#8243; _builder_version=\u00bb4.16&#8243; custom_padding=\u00bb|||\u00bb global_colors_info=\u00bb{}\u00bb custom_padding__hover=\u00bb|||\u00bb][et_pb_team_member name=\u00bbIng. Daniel Bocage\u00bb position=\u00bbDirector\u00bb image_url=\u00bbhttps:\/\/its.com.uy\/its\/wp-content\/uploads\/2016\/07\/DB-2.jpg\u00bb linkedin_url=\u00bbhttps:\/\/uy.linkedin.com\/in\/danielbocage?trk=pub-pbmap\u00bb admin_label=\u00bbDaniel\u00bb _builder_version=\u00bb4.16&#8243; header_font=\u00bb|on|||\u00bb header_line_height=\u00bb2.4em\u00bb background_size=\u00bbinitial\u00bb background_position=\u00bbtop_left\u00bb background_repeat=\u00bbrepeat\u00bb custom_css_member_social_links=\u00bbmargin-top: 0px;\u00bb use_border_color=\u00bboff\u00bb border_color=\u00bb#ffffff\u00bb border_style=\u00bbsolid\u00bb global_colors_info=\u00bb{}\u00bb]&nbsp;<br \/>\n[\/et_pb_team_member][\/et_pb_column][\/et_pb_row][\/et_pb_section][et_pb_section fb_built=\u00bb1&#8243; custom_padding_last_edited=\u00bbon|desktop\u00bb admin_label=\u00bbSecci\u00f3n\u00bb _builder_version=\u00bb4.16&#8243; background_color=\u00bb#d21034&#8243; custom_padding_tablet=\u00bb50px|0|50px|0&#8243; custom_padding_phone=\u00bb\u00bb transparent_background=\u00bboff\u00bb padding_mobile=\u00bboff\u00bb make_fullwidth=\u00bboff\u00bb use_custom_width=\u00bboff\u00bb width_unit=\u00bbon\u00bb global_colors_info=\u00bb{}\u00bb][et_pb_row column_structure=\u00bb3_4,1_4&#8243; admin_label=\u00bbFila\u00bb _builder_version=\u00bb4.16&#8243; background_size=\u00bbinitial\u00bb background_position=\u00bbtop_left\u00bb background_repeat=\u00bbrepeat\u00bb global_colors_info=\u00bb{}\u00bb][et_pb_column type=\u00bb3_4&#8243; _builder_version=\u00bb4.16&#8243; custom_padding=\u00bb|||\u00bb global_colors_info=\u00bb{}\u00bb custom_padding__hover=\u00bb|||\u00bb][et_pb_text admin_label=\u00bbTexto\u00bb _builder_version=\u00bb4.27.2&#8243; text_text_color=\u00bb#ffffff\u00bb text_font_size=\u00bb12&#8243; background_size=\u00bbinitial\u00bb background_position=\u00bbtop_left\u00bb background_repeat=\u00bbrepeat\u00bb background_layout=\u00bbdark\u00bb hover_enabled=\u00bb0&#8243; use_border_color=\u00bboff\u00bb border_color=\u00bb#ffffff\u00bb border_style=\u00bbsolid\u00bb global_colors_info=\u00bb{}\u00bb sticky_enabled=\u00bb0&#8243;]<\/p>\n<p><strong>Luis A. de Herrera 1343 of.401,<\/strong>\u00a0Montevideo, 11300, Uruguay &#8211; Tel.: +598 2623 4347<br \/><strong>Zonamerica\u00a0<\/strong>\u00a0Ruta 8 Km. 17.500, Montevideo, 91600, Uruguay &#8211; Tel.: +598 2518 2979<\/p>\n<p><strong>info@its.com.uy<\/strong><\/p>\n<p>[\/et_pb_text][\/et_pb_column][et_pb_column type=\u00bb1_4&#8243; _builder_version=\u00bb4.16&#8243; custom_padding=\u00bb|||\u00bb global_colors_info=\u00bb{}\u00bb custom_padding__hover=\u00bb|||\u00bb][et_pb_text admin_label=\u00bbTexto\u00bb _builder_version=\u00bb4.16&#8243; text_font_size=\u00bb25&#8243; background_size=\u00bbinitial\u00bb background_position=\u00bbtop_left\u00bb background_repeat=\u00bbrepeat\u00bb use_border_color=\u00bboff\u00bb border_color=\u00bb#ffffff\u00bb border_style=\u00bbsolid\u00bb global_colors_info=\u00bb{}\u00bb]<a href=\"https:\/\/www.facebook.com\/ITS-Infrastructure-Technology-Services-184841584890202\/?fref=ts\" target=\"_blank\" rel=\"noopener noreferrer\"><span style=\"color: #ffffff;\"><i class=\"fa fa-facebook-square \" ><\/i><\/span><\/a> <a href=\"https:\/\/mx.linkedin.com\/company\/its---infrastructure-technology-services\" target=\"_blank\" rel=\"noopener noreferrer\"><span style=\"color: #ffffff;\"><i class=\"fa fa-linkedin-square \" ><\/i><\/span><\/a><br \/>\n[\/et_pb_text][\/et_pb_column][\/et_pb_row][\/et_pb_section]<\/p>\n","protected":false},"excerpt":{"rendered":"<p>&nbsp; Somos una empresa que se dedica a la\u00a0Gesti\u00f3n de Infraestructura\u00a0y al\u00a0Outsourcing de Personal T\u00e9cnico\u00a0desde el a\u00f1o 2005. Nos caracterizamos por establecer relaciones de largo plazo con nuestros clientes y acompa\u00f1arlos a lo largo de su evoluci\u00f3n. Contamos con un\u00a0experimentado equipo de profesionales, nos basamos en una\u00a0metodolog\u00eda\u00a0probada y certificada bajo el est\u00e1ndar\u00a0ISO 20.000\u00a0que garantiza una\u00a0Gesti\u00f3n [&hellip;]<\/p>\n","protected":false},"author":1,"featured_media":0,"parent":0,"menu_order":0,"comment_status":"closed","ping_status":"closed","template":"","meta":{"_et_pb_use_builder":"on","_et_pb_old_content":"","_et_gb_content_width":"","footnotes":""},"class_list":["post-115131","page","type-page","status-publish","hentry"],"_links":{"self":[{"href":"https:\/\/www.its.com.uy\/its\/wp-json\/wp\/v2\/pages\/115131","targetHints":{"allow":["GET"]}}],"collection":[{"href":"https:\/\/www.its.com.uy\/its\/wp-json\/wp\/v2\/pages"}],"about":[{"href":"https:\/\/www.its.com.uy\/its\/wp-json\/wp\/v2\/types\/page"}],"author":[{"embeddable":true,"href":"https:\/\/www.its.com.uy\/its\/wp-json\/wp\/v2\/users\/1"}],"replies":[{"embeddable":true,"href":"https:\/\/www.its.com.uy\/its\/wp-json\/wp\/v2\/comments?post=115131"}],"version-history":[{"count":55,"href":"https:\/\/www.its.com.uy\/its\/wp-json\/wp\/v2\/pages\/115131\/revisions"}],"predecessor-version":[{"id":116243,"href":"https:\/\/www.its.com.uy\/its\/wp-json\/wp\/v2\/pages\/115131\/revisions\/116243"}],"wp:attachment":[{"href":"https:\/\/www.its.com.uy\/its\/wp-json\/wp\/v2\/media?parent=115131"}],"curies":[{"name":"wp","href":"https:\/\/api.w.org\/{rel}","templated":true}]}}